{"id":27,"date":"2009-03-10T11:25:02","date_gmt":"2009-03-10T14:25:02","guid":{"rendered":"http:\/\/www.lucianocolmano.com.ar\/?page_id=27"},"modified":"2023-07-11T10:18:47","modified_gmt":"2023-07-11T13:18:47","slug":"desarrollo-web","status":"publish","type":"page","link":"https:\/\/lucianocolmano.com.ar\/wp\/desarrollo-web\/","title":{"rendered":"Desarrollo Web"},"content":{"rendered":"\n<p>Detalle de proyectos web desarrollados:<\/p>\n\n\n\n<p><strong>Moroni SRL<\/strong><br>URL: <a href=\"https:\/\/www.moronisrl.com.ar\" target=\"_blank\" rel=\"noreferrer noopener\">https:\/\/www.moronisrl.com.ar<\/a><br>Tecnolog\u00eda: WordPress<\/p>\n\n\n\n<hr class=\"wp-block-separator has-css-opacity\"\/>\n\n\n\n<p><strong>El Discreto Encanto de los Galenos<\/strong><br>URL: <a href=\"http:\/\/www.losgalenos.com.ar\" target=\"_blank\" rel=\"noreferrer noopener\">http:\/\/www.losgalenos.com.ar<\/a><br>Tecnolog\u00eda: WordPress<\/p>\n\n\n\n<hr class=\"wp-block-separator has-css-opacity\"\/>\n\n\n\n<p><strong>Almac\u00e9n del pelo<\/strong><br>URL: <a href=\"https:\/\/www.almacendelpelo.com.ar\" target=\"_blank\" rel=\"noreferrer noopener\">https:\/\/www.almacendelpelo.com.ar<\/a><br>Tecnolog\u00eda: WordPress<\/p>\n\n\n\n<hr class=\"wp-block-separator has-css-opacity\"\/>\n\n\n\n<p><strong>NAT\u00da Piscinas y Jardines<\/strong><br>URL: <a href=\"http:\/\/www.natupiscinas.com.ar\/\" target=\"_blank\" rel=\"noreferrer noopener\">http:\/\/www.natupiscinas.com.ar<\/a><br>Tecnolog\u00eda: WordPress<\/p>\n\n\n\n<hr class=\"wp-block-separator has-css-opacity\"\/>\n\n\n\n<p><strong>Establecimiento Yerbatero Bonafe S.R.L.<\/strong><br>URL: <a rel=\"noopener noreferrer\" href=\"http:\/\/www.molinobonafe.com.ar\" target=\"_blank\">http:\/\/www.molinobonafe.com.ar<\/a><br>Tecnolog\u00eda: WordPress<\/p>\n\n\n\n<hr class=\"wp-block-separator has-css-opacity\"\/>\n\n\n\n<p><strong>ISEF BELL<\/strong><br>URL: <a href=\"http:\/\/www.isef.edu.ar\" target=\"_blank\" rel=\"noreferrer noopener\" aria-label=\"http:\/\/www.isef.edu.ar (abre en una nueva pesta\u00f1a)\">http:\/\/www.isef.edu.ar<\/a><br>Tecnolog\u00eda: WordPress<\/p>\n\n\n\n<hr class=\"wp-block-separator has-css-opacity\"\/>\n\n\n\n<p><strong>Club Bell<\/strong><br>URL: <a rel=\"noopener noreferrer\" href=\"http:\/\/www.cabell.com.ar\" target=\"_blank\">http:\/\/www.cabell.com.ar<\/a><br>Tecnolog\u00eda: WordPress<\/p>\n\n\n\n<hr class=\"wp-block-separator has-css-opacity\"\/>\n\n\n\n<p><strong>Concejo Deliberante Bell Ville<\/strong><br>URL: <a href=\"https:\/\/www.concejobellville.gob.ar\" target=\"_blank\" rel=\"noreferrer noopener\" aria-label=\"https:\/\/www.concejobellville.gob.ar (abre en una nueva pesta\u00f1a)\">https:\/\/www.concejobellville.gob.ar<\/a><br>Tecnolog\u00eda: WordPress<\/p>\n\n\n\n<hr class=\"wp-block-separator has-css-opacity\"\/>\n\n\n\n<p><strong>Concejo Deliberante Bell Ville | Digesto<\/strong><br>URL: <a rel=\"noreferrer noopener\" aria-label=\"https:\/\/www.concejobellville.gob.ar\/digesto (abre en una nueva pesta\u00f1a)\" href=\"https:\/\/www.concejobellville.gob.ar\/digesto\" target=\"_blank\">https:\/\/www.concejobellville.gob.ar\/digesto<\/a><br>Tecnolog\u00eda: HTML 5 \/ CSS \/ JavaScript \/ Bootstrap \/ PHP \/ MySQL<\/p>\n\n\n\n<hr class=\"wp-block-separator has-css-opacity\"\/>\n\n\n\n<p><strong>Julio Botti<\/strong><br>Tecnolog\u00eda: WordPress<br>Nota: el sitio desarrollado, ya no est\u00e1 en l\u00ednea.<\/p>\n\n\n\n<hr class=\"wp-block-separator has-css-opacity\"\/>\n\n\n\n<p><strong>C\u00edrculo Odontol\u00f3gico Bell Ville<\/strong><br>URL: <a rel=\"noreferrer noopener\" aria-label=\"http:\/\/www.codu.com.a (abre en una nueva pesta\u00f1a)\" href=\"http:\/\/www.codu.com.ar\" target=\"_blank\">http:\/\/www.codu.com.a<\/a><a href=\"http:\/\/www.codu.com.ar\">r<\/a><br>Tecnolog\u00eda: WordPress<\/p>\n\n\n\n<hr class=\"wp-block-separator has-css-opacity\"\/>\n\n\n\n<p><strong>C\u00edrculo M\u00e9dico Bell Ville<\/strong><br>URL: <a rel=\"noopener noreferrer\" href=\"http:\/\/www.circulomedicobv.com.ar\" target=\"_blank\">http:\/\/www.circulomedicobv.com.ar<\/a><br>Tecnolog\u00eda: WordPress<\/p>\n\n\n\n<hr class=\"wp-block-separator has-css-opacity\"\/>\n\n\n\n<p><strong>Bul-Mak Ferreter\u00eda Industrial<\/strong><br>URL: <a rel=\"noopener noreferrer\" href=\"http:\/\/www.bul-mak.com.ar\" target=\"_blank\">http:\/\/www.bul-mak.com.ar<br><\/a>Tecnolog\u00eda: WordPress<\/p>\n\n\n\n<hr class=\"wp-block-separator has-css-opacity\"\/>\n\n\n\n<p><strong>Colegio de Abogados de Bell Ville<\/strong><br>URL: <a rel=\"noopener noreferrer\" href=\"http:\/\/www.cabogadosbv.org.ar\" target=\"_blank\">http:\/\/www.cabogadosbv.org.ar<\/a><br>Tecnolog\u00eda: HTML \/ CSS \/ Flash<\/p>\n\n\n\n<hr class=\"wp-block-separator has-css-opacity\"\/>\n\n\n\n<p><strong>Centro de Empleados de Comercio de Monte Buey<\/strong><br>URL: <a rel=\"noreferrer noopener\" aria-label=\"http:\/\/www.cecmontebuey.org.ar (abre en una nueva pesta\u00f1a)\" href=\"http:\/\/www.cecmontebuey.org.ar\" target=\"_blank\">http:\/\/www.cecmontebuey.org.ar<\/a><br>Tecnolog\u00eda: WordPress<\/p>\n\n\n\n<hr class=\"wp-block-separator has-css-opacity\"\/>\n\n\n\n<p><strong>FUndaci\u00f3n Para la Ense\u00f1anza Universitaria (FUPEU)<\/strong><br>URL: <a rel=\"noopener noreferrer\" href=\"http:\/\/www.fupeu.com.ar\/\" target=\"_blank\">http:\/\/www.fupeu.com.ar<\/a><br>Tecnolog\u00eda: WordPress<\/p>\n\n\n\n<hr class=\"wp-block-separator has-css-opacity\"\/>\n\n\n\n<p><strong>De tal palo noticias<\/strong><br>URL: <a rel=\"noreferrer noopener\" href=\"http:\/\/www.detalpalonoticias.com.ar\" target=\"_blank\">http:\/\/www.detalpalonoticias.com.ar<\/a><br>Tecnolog\u00eda: WordPress<\/p>\n\n\n\n<hr class=\"wp-block-separator has-css-opacity\"\/>\n\n\n\n<p><strong>Colegio San Jos\u00e9 Bell Ville<\/strong><br>URL: <a rel=\"noopener noreferrer\" href=\"http:\/\/www.colegiosanjosebv.edu.ar\" target=\"_blank\">http:\/\/www.colegiosanjosebv.edu.ar<\/a><br>Tecnolog\u00eda: WordPress<\/p>\n\n\n\n<hr class=\"wp-block-separator has-css-opacity\"\/>\n\n\n\n<p><strong>Mart\u00edn Metal\u00fargica<\/strong><br>URL: <a rel=\"noopener noreferrer\" href=\"http:\/\/www.martinmetalurgica.com.ar\" target=\"_blank\">http:\/\/www.martinmetalurgica.com.ar<\/a><br>Tecnolog\u00eda: Tecnolog\u00eda: HTML \/ CSS \/ PHP \/ MySQL \/ JavaScript<\/p>\n\n\n\n<hr class=\"wp-block-separator has-css-opacity\"\/>\n\n\n\n<p><strong>Alvaro Seguros &#8211; Producci\u00f3n Integral de Seguros<\/strong><br>URL: <a rel=\"noopener noreferrer\" href=\"http:\/\/www.alvaroseguros.com\" target=\"_blank\">http:\/\/www.alvaroseguros.com<\/a><br>Tecnolog\u00eda: HTML \/ CSS \/ PHP \/ MySQL \/ JavaScript<\/p>\n\n\n\n<hr class=\"wp-block-separator has-css-opacity\"\/>\n\n\n\n<p><strong>San Jos\u00e9 Muebles de Familia<\/strong><br>URL: <a rel=\"noopener noreferrer\" href=\"http:\/\/www.muebles-sanjose.com.ar\" target=\"_blank\">http:\/\/www.muebles-sanjose.com.ar<\/a><br>Tecnolog\u00eda: HTML \/ CSS \/ PHP \/ MySQL \/ Flash<\/p>\n\n\n\n<hr class=\"wp-block-separator has-css-opacity\"\/>\n\n\n\n<p><strong>Forrajer\u00eda y Veterinaria Don Cacho<\/strong><br>URL: <a href=\"http:\/\/www.forrajeriadoncacho.com.ar\" target=\"_blank\" rel=\"noreferrer noopener\" aria-label=\"http:\/\/www.forrajeriadoncacho.com.ar (abre en una nueva pesta\u00f1a)\">http:\/\/www.forrajeriadoncacho.com.ar<\/a><br>Teconolog\u00eda: WordPress<\/p>\n\n\n\n<hr class=\"wp-block-separator has-css-opacity\"\/>\n\n\n\n<p><strong>Iv\u00e1n Vieyra Intendente 2015<\/strong><br>Tecnolog\u00eda: WordPress<br>Nota: el sitio desarrollado, ya no est\u00e1 en l\u00ednea.<\/p>\n\n\n\n<hr class=\"wp-block-separator has-css-opacity\"\/>\n\n\n\n<p><strong>Municipalidad de Monte Buey<\/strong><br>Tecnolog\u00eda: WordPress<br>Nota: el sitio desarrollado, ya no est\u00e1 en l\u00ednea.<\/p>\n\n\n\n<hr class=\"wp-block-separator has-css-opacity\"\/>\n\n\n\n<p><strong>Municipalidad de Bell Ville (redise\u00f1o a\u00f1o 2012)<\/strong><br>Tecnolog\u00eda: WordPress<br>Nota: el sitio desarrollado, ya no est\u00e1 en l\u00ednea.<\/p>\n\n\n\n<hr class=\"wp-block-separator has-css-opacity\"\/>\n\n\n\n<p><strong>EDE Bell Ville<\/strong><br>Tecnolog\u00eda: WordPress<br>Nota: el sitio desarrollado, ya no est\u00e1 en l\u00ednea.<\/p>\n\n\n\n<hr class=\"wp-block-separator has-css-opacity\"\/>\n\n\n\n<p><strong>Blog Jovensud<\/strong><br>Tecnolog\u00eda: WordPress<br>Nota: el sitio desarrollado, ya no est\u00e1 en l\u00ednea.<\/p>\n\n\n\n<hr class=\"wp-block-separator has-css-opacity\"\/>\n\n\n\n<p><strong>Bomberos Voluntarios de Bell Ville<\/strong><br>Tecnolog\u00eda: WordPress<br>Nota: el sitio desarrollado, ya no est\u00e1 en l\u00ednea.<\/p>\n\n\n\n<hr class=\"wp-block-separator has-css-opacity\"\/>\n\n\n\n<p><strong>HORES Cartot\u00e9cnica<\/strong><br>URL: <a rel=\"noopener noreferrer\" href=\"http:\/\/www.hores.com.ar\" target=\"_blank\">http:\/\/www.hores.com.ar<\/a><br>Tecnolog\u00eda: HTML \/ CSS \/ PHP \/ MySQL \/ Flash<\/p>\n\n\n\n<hr class=\"wp-block-separator has-css-opacity\"\/>\n\n\n\n<p><strong>Coenda Cereales<\/strong><br>URL: <a rel=\"noopener noreferrer\" href=\"http:\/\/www.coendacereales.com.ar\" target=\"_blank\">http:\/\/www.coendacereales.com.ar<\/a><br>Tecnolog\u00eda: HTML \/ CSS \/ PHP \/ MySQL \/ Flash<\/p>\n\n\n\n<hr class=\"wp-block-separator has-css-opacity\"\/>\n\n\n\n<p><strong>Flexpack &#8211; LSM S.A.<\/strong><br>URL: <a rel=\"noopener noreferrer\" href=\"http:\/\/www.flexpack.com.ar\" target=\"_blank\">http:\/\/www.flexpack.com.ar<\/a><br>Tecnolog\u00eda: HTML \/ CSS \/ ASP \/ Access \/ Flash<\/p>\n\n\n\n<hr class=\"wp-block-separator has-css-opacity\"\/>\n\n\n\n<p><strong>Casa Wind . Wind Car Xtreme . Carros a Vela<\/strong><br>Tecnolog\u00eda: HTML \/ CSS \/ PHP \/ MySQL \/ Flash<br>Nota: el sitio desarrollado, ya no est\u00e1 en l\u00ednea.<\/p>\n\n\n\n<hr class=\"wp-block-separator has-css-opacity\"\/>\n\n\n\n<p><strong>Anubis Software<\/strong><br>URL: <a rel=\"noopener noreferrer\" href=\"http:\/\/www.anubis-software.com.ar\" target=\"_blank\">http:\/\/www.anubis-software.com.ar<br><\/a>Tecnolog\u00eda: WordPress<\/p>\n\n\n\n<hr class=\"wp-block-separator has-css-opacity\"\/>\n\n\n\n<p><strong>Arduino S.R.L.<\/strong><br>URL: <a rel=\"noopener noreferrer\" href=\"http:\/\/www.arduinosrl.com.ar\" target=\"_blank\">http:\/\/www.arduinosrl.com.ar<\/a><br>Tecnolog\u00eda: HTML \/ CSS \/ PHP \/ MySQL \/ Flash<\/p>\n\n\n\n<hr class=\"wp-block-separator has-css-opacity\"\/>\n\n\n\n<p><strong>Ediciones Elite S.R.L.<\/strong><br>Tecnolog\u00eda: HTML \/ CSS \/ PHP \/ MySQL \/ Flash<br>Nota: el sitio desarrollado, ya no est\u00e1 en l\u00ednea.<\/p>\n\n\n\n<hr class=\"wp-block-separator has-css-opacity\"\/>\n\n\n\n<p><strong>Nodosud Blog<\/strong><br>Tecnolog\u00eda: WordPress<br>Nota: el sitio desarrollado, ya no est\u00e1 en l\u00ednea.<\/p>\n\n\n\n<hr class=\"wp-block-separator has-css-opacity\"\/>\n\n\n\n<p><strong>Come Back<\/strong><br>Tecnolog\u00eda: HTML \/ CSS \/ PHP \/ MySQL \/ Flash<br>Nota: el sitio desarrollado, ya no est\u00e1 en l\u00ednea.<\/p>\n\n\n\n<hr class=\"wp-block-separator has-css-opacity\"\/>\n\n\n\n<p><strong>Diagn\u00f3stico por Im\u00e1genes Sudeste S.A.<\/strong><br>Tecnolog\u00eda: HTML \/ CSS \/ PHP \/ MySQL \/ Flash<br>Nota: el sitio desarrollado, ya no est\u00e1 en l\u00ednea.<\/p>\n\n\n\n<hr class=\"wp-block-separator has-css-opacity\"\/>\n\n\n\n<p><strong>Licari S.A.<\/strong><br>Tecnolog\u00eda: HTML \/ CSS \/ PHP \/ MySQL \/ Flash<br>Nota: el sitio desarrollado, ya no est\u00e1 en l\u00ednea.<\/p>\n\n\n\n<hr class=\"wp-block-separator has-css-opacity\"\/>\n\n\n\n<p><strong>Nodosud (Proyecto Intercooperativo Zonal)<\/strong><br>Tecnolog\u00eda: HTML \/ CSS \/ PHP \/ MySQL \/ Flash<br>Nota: el sitio desarrollado, ya no est\u00e1 en l\u00ednea.<\/p>\n\n\n\n<hr class=\"wp-block-separator has-css-opacity\"\/>\n\n\n\n<p><strong>Jovensud (Proyecto Interactivo Regional)<\/strong><br>Tecnolog\u00eda: HTML \/ CSS \/ PHP \/ MySQL \/ Flash<br>Nota: el sitio desarrollado, ya no est\u00e1 en l\u00ednea.<\/p>\n\n\n\n<hr class=\"wp-block-separator has-css-opacity\"\/>\n\n\n\n<p><strong>Palmesano (F\u00e1brica de Golosinas, Chocolates, Galletitas)<\/strong><br>Tecnolog\u00eda: HTML \/ CSS \/ PHP \/ MySQL \/ Flash<br>Nota: el sitio desarrollado, ya no est\u00e1 en l\u00ednea.<\/p>\n\n\n\n<hr class=\"wp-block-separator has-css-opacity\"\/>\n\n\n\n<p><strong>Carassai &amp; Asociados<\/strong><br>Tecnolog\u00eda: HTML \/ CSS \/ ASP \/ Access \/ Flash<br>Nota: el sitio desarrollado, ya no est\u00e1 en l\u00ednea.<\/p>\n\n\n\n<hr class=\"wp-block-separator has-css-opacity\"\/>\n\n\n\n<p><strong>LucGer Cerveza Artesanal<\/strong><br>Tecnolog\u00eda: HTML \/ CSS \/ PHP \/ MySQL \/ Flash<br>Nota: el sitio desarrollado, ya no est\u00e1 en l\u00ednea.<\/p>\n\n\n\n<hr class=\"wp-block-separator has-css-opacity\"\/>\n\n\n\n<p><strong>Agencia de Desarrollo Local Bell Ville<\/strong><br>Tecnolog\u00eda: HTML \/ CSS \/ PHP \/ MySQL \/ Flash<br>Nota: el sitio desarrollado, ya no est\u00e1 en l\u00ednea.<\/p>\n\n\n\n<hr class=\"wp-block-separator has-css-opacity\"\/>\n\n\n\n<p><strong>Cooperativa El\u00e9ctrica de Monte Buey<\/strong><br>Tecnolog\u00eda: HTML \/ CSS \/ PHP \/ MySQL \/ Flash<br>Nota: el sitio desarrollado, ya no est\u00e1 en l\u00ednea.<\/p>\n\n\n\n<hr class=\"wp-block-separator has-css-opacity\"\/>\n\n\n\n<p><strong>AAXOD S.A<\/strong><br>Tecnolog\u00eda: HTML \/ CSS \/ PHP \/ MySQL \/ Flash<br>Nota: el sitio desarrollado, ya no est\u00e1 en l\u00ednea.<\/p>\n\n\n\n<hr class=\"wp-block-separator has-css-opacity\"\/>\n\n\n\n<p><strong>Sportbell S.R.L.<\/strong><br>Tecnolog\u00eda: HTML \/ CSS \/ PHP \/ MySQL \/ Flash<br>Nota: el sitio desarrollado, ya no est\u00e1 en l\u00ednea.<\/p>\n\n\n\n<hr class=\"wp-block-separator has-css-opacity\"\/>\n\n\n\n<p><strong>ENA (Escuela \u00abAgr. Orestes Chiesa Molinari\u00bb)<\/strong><br>URL: <a rel=\"noopener noreferrer\" href=\"http:\/\/www.ena.edu.ar\" target=\"_blank\">http:\/\/www.ena.edu.ar<\/a><br>Tecnolog\u00eda: HTML \/ CSS \/ PHP \/ MySQL \/ Flash<\/p>\n\n\n\n<hr class=\"wp-block-separator has-css-opacity\"\/>\n\n\n\n<p><strong>Gran Hotel Bell Ville<\/strong><br>URL: <a rel=\"noopener noreferrer\" href=\"http:\/\/www.granhotelbellville.com.ar\/\" target=\"_blank\">http:\/\/www.granhotelbellville.com.ar<\/a><br>Tecnolog\u00eda: HTML \/ CSS \/ Flash<\/p>\n\n\n\n<hr class=\"wp-block-separator has-css-opacity\"\/>\n\n\n\n<p><strong>Proyecto RED<\/strong><br>Tecnolog\u00eda: HTML \/ CSS \/ Flash<br>Nota: el sitio desarrollado, ya no est\u00e1 en l\u00ednea.<\/p>\n\n\n\n<hr class=\"wp-block-separator has-css-opacity\"\/>\n\n\n\n<p><strong>Alimentos Magros S.A.<\/strong><br>Tecnolog\u00eda: HTML \/ CSS \/ ASP \/ Access \/ Flash<br>Nota: el sitio desarrollado, ya no est\u00e1 en l\u00ednea.<\/p>\n\n\n\n<hr class=\"wp-block-separator has-css-opacity\"\/>\n\n\n\n<p><strong>Cooperativa de Servicios de Oliva<\/strong><br>Tecnolog\u00eda: HTML \/ CSS \/ PHP \/ MySQL \/ Flash<br>Nota: el sitio desarrollado, ya no est\u00e1 en l\u00ednea.<\/p>\n\n\n\n<hr class=\"wp-block-separator has-css-opacity\"\/>\n\n\n\n<p><strong>UNITRADEC Soluciones Tecnol\u00f3gicas<\/strong><br>URL: <a rel=\"noopener noreferrer\" href=\"http:\/\/www.unitradec.com.ar\" target=\"_blank\">http:\/\/www.unitradec.com.ar<\/a><br>Tecnolog\u00eda: HTML \/ CSS \/ PHP \/ MySQL \/ Flash<\/p>\n\n\n\n<hr class=\"wp-block-separator has-css-opacity\"\/>\n\n\n\n<p><strong>Web Personal de Luciano Colmano<\/strong><br>URL: <a rel=\"noopener noreferrer\" href=\"http:\/\/www.lucianocolmano.com.ar\" target=\"_blank\">http:\/\/www.lucianocolmano.com.ar<\/a><br>Tecnolog\u00eda: WordPress<\/p>\n","protected":false},"excerpt":{"rendered":"<p>Detalle de proyectos web desarrollados: Moroni SRLURL: https:\/\/www.moronisrl.com.arTecnolog\u00eda: WordPress El Discreto Encanto de los GalenosURL: http:\/\/www.losgalenos.com.arTecnolog\u00eda: WordPress Almac\u00e9n del peloURL: https:\/\/www.almacendelpelo.com.arTecnolog\u00eda: WordPress NAT\u00da Piscinas y JardinesURL: http:\/\/www.natupiscinas.com.arTecnolog\u00eda: WordPress Establecimiento Yerbatero Bonafe S.R.L.URL: http:\/\/www.molinobonafe.com.arTecnolog\u00eda: WordPress ISEF BELLURL: http:\/\/www.isef.edu.arTecnolog\u00eda: WordPress Club BellURL: http:\/\/www.cabell.com.arTecnolog\u00eda: WordPress Concejo Deliberante Bell VilleURL: https:\/\/www.concejobellville.gob.arTecnolog\u00eda: WordPress Concejo Deliberante Bell Ville | DigestoURL: https:\/\/www.concejobellville.gob.ar\/digestoTecnolog\u00eda: HTML 5 \/ CSS \/&hellip;<\/p>\n","protected":false},"author":2,"featured_media":0,"parent":0,"menu_order":2,"comment_status":"closed","ping_status":"closed","template":"","meta":{"footnotes":""},"jetpack_sharing_enabled":true,"_links":{"self":[{"href":"https:\/\/lucianocolmano.com.ar\/wp\/wp-json\/wp\/v2\/pages\/27"}],"collection":[{"href":"https:\/\/lucianocolmano.com.ar\/wp\/wp-json\/wp\/v2\/pages"}],"about":[{"href":"https:\/\/lucianocolmano.com.ar\/wp\/wp-json\/wp\/v2\/types\/page"}],"author":[{"embeddable":true,"href":"https:\/\/lucianocolmano.com.ar\/wp\/wp-json\/wp\/v2\/users\/2"}],"replies":[{"embeddable":true,"href":"https:\/\/lucianocolmano.com.ar\/wp\/wp-json\/wp\/v2\/comments?post=27"}],"version-history":[{"count":12,"href":"https:\/\/lucianocolmano.com.ar\/wp\/wp-json\/wp\/v2\/pages\/27\/revisions"}],"predecessor-version":[{"id":1017,"href":"https:\/\/lucianocolmano.com.ar\/wp\/wp-json\/wp\/v2\/pages\/27\/revisions\/1017"}],"wp:attachment":[{"href":"https:\/\/lucianocolmano.com.ar\/wp\/wp-json\/wp\/v2\/media?parent=27"}],"curies":[{"name":"wp","href":"https:\/\/api.w.org\/{rel}","templated":true}]}}